{"id":7738,"date":"2025-11-10T08:44:41","date_gmt":"2025-11-10T07:44:41","guid":{"rendered":"https:\/\/www.weber-schaer.com\/?page_id=7738"},"modified":"2026-03-24T13:19:15","modified_gmt":"2026-03-24T12:19:15","slug":"financial-accountant-m-w-d","status":"publish","type":"page","link":"https:\/\/www.weber-schaer.com\/en\/company\/career\/financial-accountant-m-w-d\/","title":{"rendered":"Financial Accountant (m\/w\/d)"},"content":{"rendered":"\n<h3 class=\"wp-block-heading has-text-align-center\">Zur Verst\u00e4rkung unseres Buchhaltungsteams suchen wir einen engagierten und routinierten<\/h3>\n\n\n\n<h1 class=\"wp-block-heading has-text-align-center\">Finanzbuchhalter (m\/w\/d) in Vollzeit<\/h1>\n\n\n\n<p class=\"has-text-align-center\">mit Erfahrung im Bereich Debitoren-\/Kreditorenbuchhaltung eines international t\u00e4tigen Unternehmens<\/p>\n\n\n\n<div style=\"height:30px\" aria-hidden=\"true\" class=\"wp-block-spacer\"><\/div>\n\n\n\n<h3 class=\"wp-block-heading\">Nach erfolgreicher Einarbeitung geh\u00f6ren zu Ihren Aufgaben:<\/h3>\n\n\n\n<ul class=\"wp-block-list\">\n<li>Vorrangig logistische Rechnungspr\u00fcfung (Eingangsrechnungen mit Bestellbezug) sowie Rechnungspr\u00fcfung von Kostenrechnungen (elektronischer Rechnungseingangsworkflow)<\/li>\n\n\n\n<li>Internationaler Zahlungsverkehr \u00fcber eBanking-System in Verbindung mit SAP S\/4HANA<\/li>\n\n\n\n<li>Pr\u00fcfung debitorischer Rechnungen in Bezug auf Umsatzsteuer und weiterer Kriterien, inklusive der Gelangensbest\u00e4tigungen f\u00fcr die entsprechenden Ausgangsrechnungen<\/li>\n\n\n\n<li>Unterst\u00fctzung bei allen sonstigen Aufgaben in einer klassischen Debitoren- und Kreditorenbuchhaltung<\/li>\n\n\n\n<li>Mitarbeit bei den monatlichen Umsatzsteuervoranmeldungen der jeweiligen ausl\u00e4ndischen europ\u00e4ischen Registrierungen sowie f\u00fcr die USA<\/li>\n<\/ul>\n\n\n\n<h3 class=\"wp-block-heading\">Ihr Profil:<\/h3>\n\n\n\n<ul class=\"wp-block-list\">\n<li>Erfolgreich abgeschlossene kaufm\u00e4nnische Ausbildung mit Weiterqualifizierung in der Finanzbuchhaltung oder zum Steuerfachangestellten (m\/w\/d)<\/li>\n\n\n\n<li>Sicherer Umgang mit dem ERP-System SAP S\/4HANA und MS Office Anwendungen<\/li>\n\n\n\n<li>Kenntnisse einer workflowbasierten logistischen Rechnungspr\u00fcfung<\/li>\n\n\n\n<li>Kenntnisse im europ\u00e4ischen Umsatzsteuerrecht und f\u00fcr Sales\/Use Tax der USA (von Vorteil)<\/li>\n\n\n\n<li>Sehr gute Deutschkenntnisse und gute Englischkenntnisse in Wort und Schrift (B2 Niveau in Business English)<\/li>\n\n\n\n<li>Strukturierte, eigenverantwortliche und genaue Arbeitsweise<\/li>\n\n\n\n<li>Verbindliches Auftreten, teamorientiert und kommunikativ<\/li>\n<\/ul>\n\n\n\n<h3 class=\"wp-block-heading\">Wir bieten:<\/h3>\n\n\n\n<ul class=\"wp-block-list\">\n<li>Unbefristetes Anstellungsverh\u00e4ltnis<\/li>\n\n\n\n<li>Strukturierte und umf\u00e4ngliche Einarbeitung<\/li>\n\n\n\n<li>Die M\u00f6glichkeit zum mobilen Arbeiten<\/li>\n\n\n\n<li>Flexible Arbeitszeiten sowie 30 Tage Urlaub<\/li>\n\n\n\n<li>Jobticket (Deutschlandticket) mit Arbeitgeberzuschuss<\/li>\n\n\n\n<li>Einen attraktiven Arbeitsplatz in bester City-Lage<\/li>\n\n\n\n<li>Eine famili\u00e4re Unternehmenskultur und Teamspirit<\/li>\n\n\n\n<li>Kurze Entscheidungswege<\/li>\n<\/ul>\n\n\n\n<h3 class=\"wp-block-heading\">Weitere Informationen:<\/h3>\n\n\n\n<p>Wir freuen uns auf Ihre aussagekr\u00e4ftigen Bewerbungsunterlagen inklusive Gehaltsvorstellungen und m\u00f6glichem Eintrittstermin: Bitte senden Sie diese an: <a href=\"mailto:&#98;&#101;wer&#98;un&#103;&#64;w&#101;&#98;&#101;&#114;-&#115;chaer.&#99;&#111;m\">be&#119;e&#114;b&#117;&#110;&#103;&#64;&#119;eb&#101;r-&#115;&#99;ha&#101;r&#46;c&#111;m<\/a><\/p>\n","protected":false},"excerpt":{"rendered":"<p>Zur Verst\u00e4rkung unseres Buchhaltungsteams suchen wir einen engagierten und routinierten Finanzbuchhalter (m\/w\/d) in Vollzeit mit Erfahrung im Bereich Debitoren-\/Kreditorenbuchhaltung eines international t\u00e4tigen Unternehmens Nach erfolgreicher Einarbeitung geh\u00f6ren zu Ihren Aufgaben: Ihr Profil: Wir bieten: Weitere Informationen: Wir freuen uns auf Ihre aussagekr\u00e4ftigen Bewerbungsunterlagen inklusive Gehaltsvorstellungen und m\u00f6glichem Eintrittstermin: Bitte senden Sie diese an:<\/p>\n","protected":false},"author":2,"featured_media":0,"parent":6163,"menu_order":0,"comment_status":"closed","ping_status":"closed","template":"","meta":{"_acf_changed":false,"inline_featured_image":false,"footnotes":""},"class_list":["post-7738","page","type-page","status-publish"],"acf":[],"yoast_head":"<!-- This site is optimized with the Yoast SEO plugin v27.4 - https:\/\/yoast.com\/product\/yoast-seo-wordpress\/ -->\n<title>Financial Accountant (m\/w\/d) - WEBER &amp; SCHAER<\/title>\n<meta name=\"robots\" content=\"index, follow, max-snippet:-1, max-image-preview:large, max-video-preview:-1\" \/>\n<link rel=\"canonical\" href=\"https:\/\/www.weber-schaer.com\/en\/company\/career\/financial-accountant-m-w-d\/\" \/>\n<meta property=\"og:locale\" content=\"en_US\" \/>\n<meta property=\"og:type\" content=\"article\" \/>\n<meta property=\"og:title\" content=\"Financial Accountant (m\/w\/d) - WEBER &amp; SCHAER\" \/>\n<meta property=\"og:description\" content=\"Zur Verst\u00e4rkung unseres Buchhaltungsteams suchen wir einen engagierten und routinierten Finanzbuchhalter (m\/w\/d) in Vollzeit mit Erfahrung im Bereich Debitoren-\/Kreditorenbuchhaltung eines international t\u00e4tigen Unternehmens Nach erfolgreicher Einarbeitung geh\u00f6ren zu Ihren Aufgaben: Ihr Profil: Wir bieten: Weitere Informationen: Wir freuen uns auf Ihre aussagekr\u00e4ftigen Bewerbungsunterlagen inklusive Gehaltsvorstellungen und m\u00f6glichem Eintrittstermin: Bitte senden Sie diese an:\" \/>\n<meta property=\"og:url\" content=\"https:\/\/www.weber-schaer.com\/en\/company\/career\/financial-accountant-m-w-d\/\" \/>\n<meta property=\"og:site_name\" content=\"WEBER &amp; SCHAER\" \/>\n<meta property=\"article:modified_time\" content=\"2026-03-24T12:19:15+00:00\" \/>\n<meta name=\"twitter:card\" content=\"summary_large_image\" \/>\n<meta name=\"twitter:label1\" content=\"Est. reading time\" \/>\n\t<meta name=\"twitter:data1\" content=\"2 minutes\" \/>\n<script type=\"application\/ld+json\" class=\"yoast-schema-graph\">{\"@context\":\"https:\\\/\\\/schema.org\",\"@graph\":[{\"@type\":\"WebPage\",\"@id\":\"https:\\\/\\\/www.weber-schaer.com\\\/en\\\/company\\\/career\\\/financial-accountant-m-w-d\\\/\",\"url\":\"https:\\\/\\\/www.weber-schaer.com\\\/en\\\/company\\\/career\\\/financial-accountant-m-w-d\\\/\",\"name\":\"Financial Accountant (m\\\/w\\\/d) - WEBER &amp; SCHAER\",\"isPartOf\":{\"@id\":\"https:\\\/\\\/www.weber-schaer.com\\\/en\\\/#website\"},\"datePublished\":\"2025-11-10T07:44:41+00:00\",\"dateModified\":\"2026-03-24T12:19:15+00:00\",\"breadcrumb\":{\"@id\":\"https:\\\/\\\/www.weber-schaer.com\\\/en\\\/company\\\/career\\\/financial-accountant-m-w-d\\\/#breadcrumb\"},\"inLanguage\":\"en-US\",\"potentialAction\":[{\"@type\":\"ReadAction\",\"target\":[\"https:\\\/\\\/www.weber-schaer.com\\\/en\\\/company\\\/career\\\/financial-accountant-m-w-d\\\/\"]}]},{\"@type\":\"BreadcrumbList\",\"@id\":\"https:\\\/\\\/www.weber-schaer.com\\\/en\\\/company\\\/career\\\/financial-accountant-m-w-d\\\/#breadcrumb\",\"itemListElement\":[{\"@type\":\"ListItem\",\"position\":1,\"name\":\"Startseite\",\"item\":\"https:\\\/\\\/www.weber-schaer.com\\\/en\\\/\"},{\"@type\":\"ListItem\",\"position\":2,\"name\":\"Company\",\"item\":\"https:\\\/\\\/www.weber-schaer.com\\\/en\\\/company\\\/\"},{\"@type\":\"ListItem\",\"position\":3,\"name\":\"Career\",\"item\":\"https:\\\/\\\/www.weber-schaer.com\\\/en\\\/company\\\/career\\\/\"},{\"@type\":\"ListItem\",\"position\":4,\"name\":\"Financial Accountant (m\\\/w\\\/d)\"}]},{\"@type\":\"WebSite\",\"@id\":\"https:\\\/\\\/www.weber-schaer.com\\\/en\\\/#website\",\"url\":\"https:\\\/\\\/www.weber-schaer.com\\\/en\\\/\",\"name\":\"WEBER &amp; SCHAER\",\"description\":\"Flexibility is our raw material\",\"publisher\":{\"@id\":\"https:\\\/\\\/www.weber-schaer.com\\\/en\\\/#organization\"},\"potentialAction\":[{\"@type\":\"SearchAction\",\"target\":{\"@type\":\"EntryPoint\",\"urlTemplate\":\"https:\\\/\\\/www.weber-schaer.com\\\/en\\\/?s={search_term_string}\"},\"query-input\":{\"@type\":\"PropertyValueSpecification\",\"valueRequired\":true,\"valueName\":\"search_term_string\"}}],\"inLanguage\":\"en-US\"},{\"@type\":\"Organization\",\"@id\":\"https:\\\/\\\/www.weber-schaer.com\\\/en\\\/#organization\",\"name\":\"WEBER &amp; SCHAER\",\"url\":\"https:\\\/\\\/www.weber-schaer.com\\\/en\\\/\",\"logo\":{\"@type\":\"ImageObject\",\"inLanguage\":\"en-US\",\"@id\":\"https:\\\/\\\/www.weber-schaer.com\\\/en\\\/#\\\/schema\\\/logo\\\/image\\\/\",\"url\":\"https:\\\/\\\/www.weber-schaer.com\\\/wp-content\\\/uploads\\\/2022\\\/06\\\/WS-Logo.png\",\"contentUrl\":\"https:\\\/\\\/www.weber-schaer.com\\\/wp-content\\\/uploads\\\/2022\\\/06\\\/WS-Logo.png\",\"width\":500,\"height\":186,\"caption\":\"WEBER &amp; SCHAER\"},\"image\":{\"@id\":\"https:\\\/\\\/www.weber-schaer.com\\\/en\\\/#\\\/schema\\\/logo\\\/image\\\/\"}}]}<\/script>\n<!-- \/ Yoast SEO plugin. -->","yoast_head_json":{"title":"Financial Accountant (m\/w\/d) - WEBER &amp; SCHAER","robots":{"index":"index","follow":"follow","max-snippet":"max-snippet:-1","max-image-preview":"max-image-preview:large","max-video-preview":"max-video-preview:-1"},"canonical":"https:\/\/www.weber-schaer.com\/en\/company\/career\/financial-accountant-m-w-d\/","og_locale":"en_US","og_type":"article","og_title":"Financial Accountant (m\/w\/d) - WEBER &amp; SCHAER","og_description":"Zur Verst\u00e4rkung unseres Buchhaltungsteams suchen wir einen engagierten und routinierten Finanzbuchhalter (m\/w\/d) in Vollzeit mit Erfahrung im Bereich Debitoren-\/Kreditorenbuchhaltung eines international t\u00e4tigen Unternehmens Nach erfolgreicher Einarbeitung geh\u00f6ren zu Ihren Aufgaben: Ihr Profil: Wir bieten: Weitere Informationen: Wir freuen uns auf Ihre aussagekr\u00e4ftigen Bewerbungsunterlagen inklusive Gehaltsvorstellungen und m\u00f6glichem Eintrittstermin: Bitte senden Sie diese an:","og_url":"https:\/\/www.weber-schaer.com\/en\/company\/career\/financial-accountant-m-w-d\/","og_site_name":"WEBER &amp; SCHAER","article_modified_time":"2026-03-24T12:19:15+00:00","twitter_card":"summary_large_image","twitter_misc":{"Est. reading time":"2 minutes"},"schema":{"@context":"https:\/\/schema.org","@graph":[{"@type":"WebPage","@id":"https:\/\/www.weber-schaer.com\/en\/company\/career\/financial-accountant-m-w-d\/","url":"https:\/\/www.weber-schaer.com\/en\/company\/career\/financial-accountant-m-w-d\/","name":"Financial Accountant (m\/w\/d) - WEBER &amp; SCHAER","isPartOf":{"@id":"https:\/\/www.weber-schaer.com\/en\/#website"},"datePublished":"2025-11-10T07:44:41+00:00","dateModified":"2026-03-24T12:19:15+00:00","breadcrumb":{"@id":"https:\/\/www.weber-schaer.com\/en\/company\/career\/financial-accountant-m-w-d\/#breadcrumb"},"inLanguage":"en-US","potentialAction":[{"@type":"ReadAction","target":["https:\/\/www.weber-schaer.com\/en\/company\/career\/financial-accountant-m-w-d\/"]}]},{"@type":"BreadcrumbList","@id":"https:\/\/www.weber-schaer.com\/en\/company\/career\/financial-accountant-m-w-d\/#breadcrumb","itemListElement":[{"@type":"ListItem","position":1,"name":"Startseite","item":"https:\/\/www.weber-schaer.com\/en\/"},{"@type":"ListItem","position":2,"name":"Company","item":"https:\/\/www.weber-schaer.com\/en\/company\/"},{"@type":"ListItem","position":3,"name":"Career","item":"https:\/\/www.weber-schaer.com\/en\/company\/career\/"},{"@type":"ListItem","position":4,"name":"Financial Accountant (m\/w\/d)"}]},{"@type":"WebSite","@id":"https:\/\/www.weber-schaer.com\/en\/#website","url":"https:\/\/www.weber-schaer.com\/en\/","name":"WEBER &amp; SCHAER","description":"Flexibility is our raw material","publisher":{"@id":"https:\/\/www.weber-schaer.com\/en\/#organization"},"potentialAction":[{"@type":"SearchAction","target":{"@type":"EntryPoint","urlTemplate":"https:\/\/www.weber-schaer.com\/en\/?s={search_term_string}"},"query-input":{"@type":"PropertyValueSpecification","valueRequired":true,"valueName":"search_term_string"}}],"inLanguage":"en-US"},{"@type":"Organization","@id":"https:\/\/www.weber-schaer.com\/en\/#organization","name":"WEBER &amp; SCHAER","url":"https:\/\/www.weber-schaer.com\/en\/","logo":{"@type":"ImageObject","inLanguage":"en-US","@id":"https:\/\/www.weber-schaer.com\/en\/#\/schema\/logo\/image\/","url":"https:\/\/www.weber-schaer.com\/wp-content\/uploads\/2022\/06\/WS-Logo.png","contentUrl":"https:\/\/www.weber-schaer.com\/wp-content\/uploads\/2022\/06\/WS-Logo.png","width":500,"height":186,"caption":"WEBER &amp; SCHAER"},"image":{"@id":"https:\/\/www.weber-schaer.com\/en\/#\/schema\/logo\/image\/"}}]}},"publishpress_future_action":{"enabled":false,"date":"2026-04-26 22:46:29","action":"change-status","newStatus":"draft","terms":[],"taxonomy":"translation_priority","extraData":[]},"publishpress_future_workflow_manual_trigger":{"enabledWorkflows":[]},"_links":{"self":[{"href":"https:\/\/www.weber-schaer.com\/en\/wp-json\/wp\/v2\/pages\/7738","targetHints":{"allow":["GET"]}}],"collection":[{"href":"https:\/\/www.weber-schaer.com\/en\/wp-json\/wp\/v2\/pages"}],"about":[{"href":"https:\/\/www.weber-schaer.com\/en\/wp-json\/wp\/v2\/types\/page"}],"author":[{"embeddable":true,"href":"https:\/\/www.weber-schaer.com\/en\/wp-json\/wp\/v2\/users\/2"}],"replies":[{"embeddable":true,"href":"https:\/\/www.weber-schaer.com\/en\/wp-json\/wp\/v2\/comments?post=7738"}],"version-history":[{"count":3,"href":"https:\/\/www.weber-schaer.com\/en\/wp-json\/wp\/v2\/pages\/7738\/revisions"}],"predecessor-version":[{"id":8178,"href":"https:\/\/www.weber-schaer.com\/en\/wp-json\/wp\/v2\/pages\/7738\/revisions\/8178"}],"up":[{"embeddable":true,"href":"https:\/\/www.weber-schaer.com\/en\/wp-json\/wp\/v2\/pages\/6163"}],"wp:attachment":[{"href":"https:\/\/www.weber-schaer.com\/en\/wp-json\/wp\/v2\/media?parent=7738"}],"curies":[{"name":"wp","href":"https:\/\/api.w.org\/{rel}","templated":true}]}}