{"id":1395,"date":"2021-05-13T21:18:15","date_gmt":"2021-05-13T19:18:15","guid":{"rendered":"https:\/\/dev.weber-schaer.com\/?page_id=1395"},"modified":"2026-02-11T14:53:45","modified_gmt":"2026-02-11T13:53:45","slug":"imprint","status":"publish","type":"page","link":"https:\/\/www.weber-schaer.com\/en\/imprint\/","title":{"rendered":"Imprint"},"content":{"rendered":"\n<p><strong>WEBER &amp; SCHAER GmbH &amp; Co. KG<\/strong><br>Ferdinandstra\u00dfe 29<br>20095 Hamburg<\/p>\n\n\n\n<p>Tel.: +49 40 30902-0<br>E-Mail:\u00a0<a href=\"mailto:info@weber-schaer.com\">info@weber-schaer.com<\/a><\/p>\n\n\n\n<p>Registry Court: Amtsgericht Hamburg<br>Registration number: HRA 7589<br>VAT no. acc. to \u00a7 27a UStG: DE118900849<\/p>\n\n\n\n<p><strong>WEBER &amp; SCHAER GmbH &amp; Co. KG is represented by:<\/strong><br>Weber Beteiligungs GmbH<br>Gesch\u00e4ftsf\u00fchrer: Ren\u00e9 Marc Weber, Christian Reuscher-Weber, Kashif Bhatti<\/p>\n\n\n\n<p>Registry Court: Amtsgericht Hamburg<br>Registration number: HRB 33124<\/p>\n\n\n\n<p><a href=\"https:\/\/www.weber-schaer.com\/wp-content\/uploads\/2022\/10\/weber_schaer_terms_of_delivery_2002.pdf\" target=\"_blank\" rel=\"noreferrer noopener\">General Terms and Conditions of Sale and Delivery<\/a><\/p>\n\n\n\n<p><strong>Streitbeilegung<\/strong><br>The European Commission provides a platform for online dispute resolution (OS): <a href=\"http:\/\/ec.europa.eu\/consumers\/odr\" target=\"_blank\" rel=\"noreferrer noopener\">http:\/\/ec.europa.eu\/consumers\/odr<\/a> <br>We are not willing or obliged to participate in dispute resolution proceedings before a consumer arbitration board,<\/p>\n\n\n\n<p><strong>Pictures:<\/strong><br><a href=\"https:\/\/www.frankmolter.de\/\" target=\"_blank\" rel=\"noreferrer noopener\">Frank Molter<\/a>, Ren\u00e9 Marc Weber, Hans Evers, Michael Kottmeier<\/p>\n\n\n\n<p><strong>Concept, design and realisation of this website:<\/strong><br><a href=\"https:\/\/www.ideenwerft.com\/\">ideenwerft GmbH<\/a><\/p>\n\n\n\n<p><strong>Compliance<\/strong>:<br>Compliance with the principles set out in our Code of Conduct is a top priority for us. We strictly reject any corruption as well as disregard for applicable laws, labor standards and international human rights as defined by the ILO and are committed to a sustainable and nature-friendly economy. It is very important to us that the goods we trade are produced in a way that avoids further destruction of rainforests. Should you have knowledge of any violations affecting the supply chain of our materials, we would be grateful for any relevant information so that we can take appropriate action. Please send them (anonymously if you wish) to: <a href=\"compliance@weber-schaer.com\">compliance@weber-schaer.com<\/a><\/p>\n","protected":false},"excerpt":{"rendered":"<p>WEBER &amp; SCHAER GmbH &amp; Co. KGFerdinandstra\u00dfe 2920095 Hamburg Tel.: +49 40 30902-0E-Mail:\u00a0info@weber-schaer.com Registry Court: Amtsgericht HamburgRegistration number: HRA 7589VAT no. acc. to \u00a7 27a UStG: DE118900849 WEBER &amp; SCHAER GmbH &amp; Co. KG is represented by:Weber Beteiligungs GmbHGesch\u00e4ftsf\u00fchrer: Ren\u00e9 Marc Weber, Christian Reuscher-Weber, Kashif Bhatti Registry Court: Amtsgericht HamburgRegistration number: HRB 33124 General Terms &#8230; <a title=\"Imprint\" class=\"read-more\" href=\"https:\/\/www.weber-schaer.com\/en\/imprint\/\" aria-label=\"Read more about Imprint\">Read more<\/a><\/p>\n","protected":false},"author":2,"featured_media":0,"parent":0,"menu_order":0,"comment_status":"closed","ping_status":"closed","template":"","meta":{"_acf_changed":false,"inline_featured_image":false,"footnotes":""},"class_list":["post-1395","page","type-page","status-publish"],"acf":[],"yoast_head":"<!-- This site is optimized with the Yoast SEO plugin v27.2 - https:\/\/yoast.com\/product\/yoast-seo-wordpress\/ -->\n<title>Imprint - WEBER &amp; SCHAER<\/title>\n<meta name=\"robots\" content=\"index, follow, max-snippet:-1, max-image-preview:large, max-video-preview:-1\" \/>\n<link rel=\"canonical\" href=\"https:\/\/www.weber-schaer.com\/en\/imprint\/\" \/>\n<meta property=\"og:locale\" content=\"en_US\" \/>\n<meta property=\"og:type\" content=\"article\" \/>\n<meta property=\"og:title\" content=\"Imprint - WEBER &amp; SCHAER\" \/>\n<meta property=\"og:description\" content=\"WEBER &amp; SCHAER GmbH &amp; Co. KGFerdinandstra\u00dfe 2920095 Hamburg Tel.: +49 40 30902-0E-Mail:\u00a0info@weber-schaer.com Registry Court: Amtsgericht HamburgRegistration number: HRA 7589VAT no. acc. to \u00a7 27a UStG: DE118900849 WEBER &amp; SCHAER GmbH &amp; Co. KG is represented by:Weber Beteiligungs GmbHGesch\u00e4ftsf\u00fchrer: Ren\u00e9 Marc Weber, Christian Reuscher-Weber, Kashif Bhatti Registry Court: Amtsgericht HamburgRegistration number: HRB 33124 General Terms ... Read more\" \/>\n<meta property=\"og:url\" content=\"https:\/\/www.weber-schaer.com\/en\/imprint\/\" \/>\n<meta property=\"og:site_name\" content=\"WEBER &amp; SCHAER\" \/>\n<meta property=\"article:modified_time\" content=\"2026-02-11T13:53:45+00:00\" \/>\n<meta name=\"twitter:card\" content=\"summary_large_image\" \/>\n<meta name=\"twitter:label1\" content=\"Est. reading time\" \/>\n\t<meta name=\"twitter:data1\" content=\"2 minutes\" \/>\n<script type=\"application\/ld+json\" class=\"yoast-schema-graph\">{\"@context\":\"https:\/\/schema.org\",\"@graph\":[{\"@type\":\"WebPage\",\"@id\":\"https:\/\/www.weber-schaer.com\/en\/imprint\/\",\"url\":\"https:\/\/www.weber-schaer.com\/en\/imprint\/\",\"name\":\"Imprint - WEBER &amp; SCHAER\",\"isPartOf\":{\"@id\":\"https:\/\/www.weber-schaer.com\/en\/#website\"},\"datePublished\":\"2021-05-13T19:18:15+00:00\",\"dateModified\":\"2026-02-11T13:53:45+00:00\",\"breadcrumb\":{\"@id\":\"https:\/\/www.weber-schaer.com\/en\/imprint\/#breadcrumb\"},\"inLanguage\":\"en-US\",\"potentialAction\":[{\"@type\":\"ReadAction\",\"target\":[\"https:\/\/www.weber-schaer.com\/en\/imprint\/\"]}]},{\"@type\":\"BreadcrumbList\",\"@id\":\"https:\/\/www.weber-schaer.com\/en\/imprint\/#breadcrumb\",\"itemListElement\":[{\"@type\":\"ListItem\",\"position\":1,\"name\":\"Startseite\",\"item\":\"https:\/\/www.weber-schaer.com\/en\/\"},{\"@type\":\"ListItem\",\"position\":2,\"name\":\"Imprint\"}]},{\"@type\":\"WebSite\",\"@id\":\"https:\/\/www.weber-schaer.com\/en\/#website\",\"url\":\"https:\/\/www.weber-schaer.com\/en\/\",\"name\":\"WEBER &amp; SCHAER\",\"description\":\"Flexibility is our raw material\",\"publisher\":{\"@id\":\"https:\/\/www.weber-schaer.com\/en\/#organization\"},\"potentialAction\":[{\"@type\":\"SearchAction\",\"target\":{\"@type\":\"EntryPoint\",\"urlTemplate\":\"https:\/\/www.weber-schaer.com\/en\/?s={search_term_string}\"},\"query-input\":{\"@type\":\"PropertyValueSpecification\",\"valueRequired\":true,\"valueName\":\"search_term_string\"}}],\"inLanguage\":\"en-US\"},{\"@type\":\"Organization\",\"@id\":\"https:\/\/www.weber-schaer.com\/en\/#organization\",\"name\":\"WEBER &amp; SCHAER\",\"url\":\"https:\/\/www.weber-schaer.com\/en\/\",\"logo\":{\"@type\":\"ImageObject\",\"inLanguage\":\"en-US\",\"@id\":\"https:\/\/www.weber-schaer.com\/en\/#\/schema\/logo\/image\/\",\"url\":\"https:\/\/www.weber-schaer.com\/wp-content\/uploads\/2022\/06\/WS-Logo.png\",\"contentUrl\":\"https:\/\/www.weber-schaer.com\/wp-content\/uploads\/2022\/06\/WS-Logo.png\",\"width\":500,\"height\":186,\"caption\":\"WEBER &amp; SCHAER\"},\"image\":{\"@id\":\"https:\/\/www.weber-schaer.com\/en\/#\/schema\/logo\/image\/\"}}]}<\/script>\n<!-- \/ Yoast SEO plugin. -->","yoast_head_json":{"title":"Imprint - WEBER &amp; SCHAER","robots":{"index":"index","follow":"follow","max-snippet":"max-snippet:-1","max-image-preview":"max-image-preview:large","max-video-preview":"max-video-preview:-1"},"canonical":"https:\/\/www.weber-schaer.com\/en\/imprint\/","og_locale":"en_US","og_type":"article","og_title":"Imprint - WEBER &amp; SCHAER","og_description":"WEBER &amp; SCHAER GmbH &amp; Co. KGFerdinandstra\u00dfe 2920095 Hamburg Tel.: +49 40 30902-0E-Mail:\u00a0info@weber-schaer.com Registry Court: Amtsgericht HamburgRegistration number: HRA 7589VAT no. acc. to \u00a7 27a UStG: DE118900849 WEBER &amp; SCHAER GmbH &amp; Co. KG is represented by:Weber Beteiligungs GmbHGesch\u00e4ftsf\u00fchrer: Ren\u00e9 Marc Weber, Christian Reuscher-Weber, Kashif Bhatti Registry Court: Amtsgericht HamburgRegistration number: HRB 33124 General Terms ... Read more","og_url":"https:\/\/www.weber-schaer.com\/en\/imprint\/","og_site_name":"WEBER &amp; SCHAER","article_modified_time":"2026-02-11T13:53:45+00:00","twitter_card":"summary_large_image","twitter_misc":{"Est. reading time":"2 minutes"},"schema":{"@context":"https:\/\/schema.org","@graph":[{"@type":"WebPage","@id":"https:\/\/www.weber-schaer.com\/en\/imprint\/","url":"https:\/\/www.weber-schaer.com\/en\/imprint\/","name":"Imprint - WEBER &amp; SCHAER","isPartOf":{"@id":"https:\/\/www.weber-schaer.com\/en\/#website"},"datePublished":"2021-05-13T19:18:15+00:00","dateModified":"2026-02-11T13:53:45+00:00","breadcrumb":{"@id":"https:\/\/www.weber-schaer.com\/en\/imprint\/#breadcrumb"},"inLanguage":"en-US","potentialAction":[{"@type":"ReadAction","target":["https:\/\/www.weber-schaer.com\/en\/imprint\/"]}]},{"@type":"BreadcrumbList","@id":"https:\/\/www.weber-schaer.com\/en\/imprint\/#breadcrumb","itemListElement":[{"@type":"ListItem","position":1,"name":"Startseite","item":"https:\/\/www.weber-schaer.com\/en\/"},{"@type":"ListItem","position":2,"name":"Imprint"}]},{"@type":"WebSite","@id":"https:\/\/www.weber-schaer.com\/en\/#website","url":"https:\/\/www.weber-schaer.com\/en\/","name":"WEBER &amp; SCHAER","description":"Flexibility is our raw material","publisher":{"@id":"https:\/\/www.weber-schaer.com\/en\/#organization"},"potentialAction":[{"@type":"SearchAction","target":{"@type":"EntryPoint","urlTemplate":"https:\/\/www.weber-schaer.com\/en\/?s={search_term_string}"},"query-input":{"@type":"PropertyValueSpecification","valueRequired":true,"valueName":"search_term_string"}}],"inLanguage":"en-US"},{"@type":"Organization","@id":"https:\/\/www.weber-schaer.com\/en\/#organization","name":"WEBER &amp; SCHAER","url":"https:\/\/www.weber-schaer.com\/en\/","logo":{"@type":"ImageObject","inLanguage":"en-US","@id":"https:\/\/www.weber-schaer.com\/en\/#\/schema\/logo\/image\/","url":"https:\/\/www.weber-schaer.com\/wp-content\/uploads\/2022\/06\/WS-Logo.png","contentUrl":"https:\/\/www.weber-schaer.com\/wp-content\/uploads\/2022\/06\/WS-Logo.png","width":500,"height":186,"caption":"WEBER &amp; SCHAER"},"image":{"@id":"https:\/\/www.weber-schaer.com\/en\/#\/schema\/logo\/image\/"}}]}},"publishpress_future_action":{"enabled":false,"date":"2026-04-13 11:16:17","action":"change-status","newStatus":"draft","terms":[],"taxonomy":"translation_priority","extraData":[]},"publishpress_future_workflow_manual_trigger":{"enabledWorkflows":[]},"_links":{"self":[{"href":"https:\/\/www.weber-schaer.com\/en\/wp-json\/wp\/v2\/pages\/1395","targetHints":{"allow":["GET"]}}],"collection":[{"href":"https:\/\/www.weber-schaer.com\/en\/wp-json\/wp\/v2\/pages"}],"about":[{"href":"https:\/\/www.weber-schaer.com\/en\/wp-json\/wp\/v2\/types\/page"}],"author":[{"embeddable":true,"href":"https:\/\/www.weber-schaer.com\/en\/wp-json\/wp\/v2\/users\/2"}],"replies":[{"embeddable":true,"href":"https:\/\/www.weber-schaer.com\/en\/wp-json\/wp\/v2\/comments?post=1395"}],"version-history":[{"count":10,"href":"https:\/\/www.weber-schaer.com\/en\/wp-json\/wp\/v2\/pages\/1395\/revisions"}],"predecessor-version":[{"id":8027,"href":"https:\/\/www.weber-schaer.com\/en\/wp-json\/wp\/v2\/pages\/1395\/revisions\/8027"}],"wp:attachment":[{"href":"https:\/\/www.weber-schaer.com\/en\/wp-json\/wp\/v2\/media?parent=1395"}],"curies":[{"name":"wp","href":"https:\/\/api.w.org\/{rel}","templated":true}]}}